{"id":46,"date":"2026-03-01T20:16:16","date_gmt":"2026-03-01T19:16:16","guid":{"rendered":"https:\/\/mariuszlemanski.pl\/?page_id=46"},"modified":"2026-03-01T22:02:27","modified_gmt":"2026-03-01T21:02:27","slug":"dyskografia","status":"publish","type":"page","link":"https:\/\/mariuszlemanski.pl\/?page_id=46","title":{"rendered":"Dyskografia"},"content":{"rendered":"\t\t<div data-elementor-type=\"wp-page\" data-elementor-id=\"46\" class=\"elementor elementor-46\">\n\t\t\t\t<div class=\"elementor-element elementor-element-099395a e-flex e-con-boxed wpr-particle-no wpr-jarallax-no wpr-parallax-no wpr-sticky-section-no e-con e-parent\" data-id=\"099395a\" data-element_type=\"container\">\n\t\t\t\t\t<div class=\"e-con-inner\">\n\t\t\t\t<div class=\"elementor-element elementor-element-d6a9a31 elementor-widget elementor-widget-heading\" data-id=\"d6a9a31\" data-element_type=\"widget\" data-widget_type=\"heading.default\">\n\t\t\t\t\t<h2 class=\"elementor-heading-title elementor-size-default\">Aegir \u2013 THE AWAKENING 2021<\/h2>\t\t\t\t<\/div>\n\t\t<div class=\"elementor-element elementor-element-5f6cddc e-grid e-con-full wpr-particle-no wpr-jarallax-no wpr-parallax-no wpr-sticky-section-no e-con e-child\" data-id=\"5f6cddc\" data-element_type=\"container\">\n\t\t\t\t<div class=\"elementor-element elementor-element-e217fb2 elementor-widget elementor-widget-image\" data-id=\"e217fb2\" data-element_type=\"widget\" data-widget_type=\"image.default\">\n\t\t\t\t\t\t\t\t\t\t\t\t\t\t\t<img fetchpriority=\"high\" decoding=\"async\" width=\"990\" height=\"990\" src=\"https:\/\/mariuszlemanski.pl\/wp-content\/uploads\/2026\/03\/FB_IMG_1624545455817-1024x1024.jpg\" class=\"attachment-large size-large wp-image-60\" alt=\"\" srcset=\"https:\/\/mariuszlemanski.pl\/wp-content\/uploads\/2026\/03\/FB_IMG_1624545455817-1024x1024.jpg 1024w, https:\/\/mariuszlemanski.pl\/wp-content\/uploads\/2026\/03\/FB_IMG_1624545455817-300x300.jpg 300w, https:\/\/mariuszlemanski.pl\/wp-content\/uploads\/2026\/03\/FB_IMG_1624545455817-150x150.jpg 150w, https:\/\/mariuszlemanski.pl\/wp-content\/uploads\/2026\/03\/FB_IMG_1624545455817-768x768.jpg 768w, https:\/\/mariuszlemanski.pl\/wp-content\/uploads\/2026\/03\/FB_IMG_1624545455817-660x660.jpg 660w, https:\/\/mariuszlemanski.pl\/wp-content\/uploads\/2026\/03\/FB_IMG_1624545455817-50x50.jpg 50w, https:\/\/mariuszlemanski.pl\/wp-content\/uploads\/2026\/03\/FB_IMG_1624545455817-606x606.jpg 606w, https:\/\/mariuszlemanski.pl\/wp-content\/uploads\/2026\/03\/FB_IMG_1624545455817.jpg 1080w\" sizes=\"(max-width: 990px) 100vw, 990px\" \/>\t\t\t\t\t\t\t\t\t\t\t\t\t\t\t<\/div>\n\t\t\t\t<div class=\"elementor-element elementor-element-41609e6 elementor-widget elementor-widget-text-editor\" data-id=\"41609e6\" data-element_type=\"widget\" data-widget_type=\"text-editor.default\">\n\t\t\t\t\t\t\t\t\t<p><a href=\"https:\/\/www.youtube.com\/watch?v=HzIL6cz5VE8\">Solowy projekt muzyczny<\/a>, kt\u00f3ry ukazuje si\u0119 regularnie w formie teledysk\u00f3w na kanale yt tw\u00f3rcy.<\/p><p>List\u0119 zaprezentowanych szerszej publiczno\u015bci utwor\u00f3w otworzy\u0142 w 2017 <a href=\"https:\/\/www.youtube.com\/watch?v=My2AmRoIdCk\"><em><strong>Etude of the Lost Asylum<\/strong><\/em><\/a> , ciep\u0142o przyj\u0119ta b<strong>allada <a href=\"https:\/\/www.youtube.com\/watch?v=gOfMcH9JAIY\"><em>Autumn Girl<\/em><\/a><\/strong> oraz klimatyczny kawa\u0142ek <a href=\"https:\/\/www.youtube.com\/watch?v=b1yt4ryHW4Q\"><strong><em>Mark Of The Time<\/em><\/strong><\/a> .<\/p><p>Dla os\u00f3b lubi\u0105cych mocniejsze brzmienia na p\u0142ycie znalaz\u0142 si\u0119 kawa\u0142ek <a href=\"https:\/\/www.youtube.com\/watch?v=KDoc39vTERs\"><strong><em>Just Fly away! <\/em><\/strong><\/a>Utw\u00f3r <a href=\"https:\/\/www.youtube.com\/watch?v=QGJI_0wxhKE\"><em><strong>The Awakening<\/strong> <\/em><\/a>od kt\u00f3rego nazw\u0119 wzi\u0119\u0142a ca\u0142a p\u0142yta mia\u0142 premier\u0119 w styczniu 2021.<\/p>\t\t\t\t\t\t\t\t<\/div>\n\t\t\t\t<\/div>\n\t\t\t\t<div class=\"elementor-element elementor-element-59050a1 elementor-widget elementor-widget-heading\" data-id=\"59050a1\" data-element_type=\"widget\" data-widget_type=\"heading.default\">\n\t\t\t\t\t<h2 class=\"elementor-heading-title elementor-size-default\">Przemek Drewkowski NOWY CZAS 2018<\/h2>\t\t\t\t<\/div>\n\t\t<div class=\"elementor-element elementor-element-e0f4af5 e-grid e-con-full wpr-particle-no wpr-jarallax-no wpr-parallax-no wpr-sticky-section-no e-con e-child\" data-id=\"e0f4af5\" data-element_type=\"container\">\n\t\t\t\t<div class=\"elementor-element elementor-element-b36e9cd elementor-widget elementor-widget-text-editor\" data-id=\"b36e9cd\" data-element_type=\"widget\" data-widget_type=\"text-editor.default\">\n\t\t\t\t\t\t\t\t\t<p>Na debiutanckim kr\u0105\u017cku Przemka Drewkowskiego znajduj\u0105 si\u0119 w wi\u0119kszo\u015bci utwory instrumentalne.<\/p><p>Go\u015bcinnie solo gitarowe ( drugie z kolei) w utworze <em><strong>Fusion for Him<\/strong><\/em>.<\/p><p>P\u0142yta typowo rockowa z lekkim dodatkiem stylu fusion i funky do ods\u0142uchania w ca\u0142o\u015bci <a href=\"https:\/\/www.youtube.com\/watch?v=hpNNXkbC4A0\">TUTAJ.<\/a><\/p>\t\t\t\t\t\t\t\t<\/div>\n\t\t\t\t<div class=\"elementor-element elementor-element-ce422fe elementor-widget elementor-widget-image\" data-id=\"ce422fe\" data-element_type=\"widget\" data-widget_type=\"image.default\">\n\t\t\t\t\t\t\t\t\t\t\t\t\t\t\t<img decoding=\"async\" width=\"990\" height=\"557\" src=\"https:\/\/mariuszlemanski.pl\/wp-content\/uploads\/2026\/03\/maxresdefault-1024x576.jpg\" class=\"attachment-large size-large wp-image-61\" alt=\"\" srcset=\"https:\/\/mariuszlemanski.pl\/wp-content\/uploads\/2026\/03\/maxresdefault-1024x576.jpg 1024w, https:\/\/mariuszlemanski.pl\/wp-content\/uploads\/2026\/03\/maxresdefault-300x169.jpg 300w, https:\/\/mariuszlemanski.pl\/wp-content\/uploads\/2026\/03\/maxresdefault-768x432.jpg 768w, https:\/\/mariuszlemanski.pl\/wp-content\/uploads\/2026\/03\/maxresdefault-990x557.jpg 990w, https:\/\/mariuszlemanski.pl\/wp-content\/uploads\/2026\/03\/maxresdefault.jpg 1280w\" sizes=\"(max-width: 990px) 100vw, 990px\" \/>\t\t\t\t\t\t\t\t\t\t\t\t\t\t\t<\/div>\n\t\t\t\t<\/div>\n\t\t\t\t<div class=\"elementor-element elementor-element-399c1a3 elementor-widget elementor-widget-heading\" data-id=\"399c1a3\" data-element_type=\"widget\" data-widget_type=\"heading.default\">\n\t\t\t\t\t<h2 class=\"elementor-heading-title elementor-size-default\">Faktor 8 \u2013 THE VALKYRIES 2016<\/h2>\t\t\t\t<\/div>\n\t\t<div class=\"elementor-element elementor-element-9cd3d26 e-grid e-con-full wpr-particle-no wpr-jarallax-no wpr-parallax-no wpr-sticky-section-no e-con e-child\" data-id=\"9cd3d26\" data-element_type=\"container\">\n\t\t\t\t<div class=\"elementor-element elementor-element-a477192 elementor-widget elementor-widget-image\" data-id=\"a477192\" data-element_type=\"widget\" data-widget_type=\"image.default\">\n\t\t\t\t\t\t\t\t\t\t\t\t\t\t\t<img decoding=\"async\" width=\"990\" height=\"990\" src=\"https:\/\/mariuszlemanski.pl\/wp-content\/uploads\/2026\/03\/FB_IMG_1624543489197-1024x1024.jpg\" class=\"attachment-large size-large wp-image-58\" alt=\"\" srcset=\"https:\/\/mariuszlemanski.pl\/wp-content\/uploads\/2026\/03\/FB_IMG_1624543489197-1024x1024.jpg 1024w, https:\/\/mariuszlemanski.pl\/wp-content\/uploads\/2026\/03\/FB_IMG_1624543489197-300x300.jpg 300w, https:\/\/mariuszlemanski.pl\/wp-content\/uploads\/2026\/03\/FB_IMG_1624543489197-150x150.jpg 150w, https:\/\/mariuszlemanski.pl\/wp-content\/uploads\/2026\/03\/FB_IMG_1624543489197-768x768.jpg 768w, https:\/\/mariuszlemanski.pl\/wp-content\/uploads\/2026\/03\/FB_IMG_1624543489197-660x660.jpg 660w, https:\/\/mariuszlemanski.pl\/wp-content\/uploads\/2026\/03\/FB_IMG_1624543489197-50x50.jpg 50w, https:\/\/mariuszlemanski.pl\/wp-content\/uploads\/2026\/03\/FB_IMG_1624543489197-606x606.jpg 606w, https:\/\/mariuszlemanski.pl\/wp-content\/uploads\/2026\/03\/FB_IMG_1624543489197.jpg 1080w\" sizes=\"(max-width: 990px) 100vw, 990px\" \/>\t\t\t\t\t\t\t\t\t\t\t\t\t\t\t<\/div>\n\t\t\t\t<div class=\"elementor-element elementor-element-5155fd0 elementor-widget elementor-widget-text-editor\" data-id=\"5155fd0\" data-element_type=\"widget\" data-widget_type=\"text-editor.default\">\n\t\t\t\t\t\t\t\t\t<p>W 2016 roku ukaza\u0142 si\u0119 debiutancki album zespo\u0142u The Valkyries dobrze przyj\u0119ty przez krytyk\u00f3w. Promuj\u0105c materia\u0142 z kr\u0105\u017cka, zesp\u00f3\u0142 zaprezentowa\u0142 si\u0119 na scenie obok takich artyst\u00f3w jak: Turbo, KAT &amp; Roman Kostrzewski, Vader, Non Iron, IRA, Kaliber 44, Organek, Mrozu, Cugowscy i innych.<\/p><p>Na p\u0142ycie utwory metalowe i rockowe, kt\u00f3rym towarzyszy melodyjne gitarowe granie.<\/p><p>Muzyka i gitary Mariusz Lema\u0144ski.<\/p>\t\t\t\t\t\t\t\t<\/div>\n\t\t\t\t<\/div>\n\t\t\t\t<div class=\"elementor-element elementor-element-6cfda59 elementor-widget elementor-widget-heading\" data-id=\"6cfda59\" data-element_type=\"widget\" data-widget_type=\"heading.default\">\n\t\t\t\t\t<h2 class=\"elementor-heading-title elementor-size-default\">Essence of life \u2013 EVILENCE 2014<\/h2>\t\t\t\t<\/div>\n\t\t<div class=\"elementor-element elementor-element-c3a7f59 e-grid e-con-full wpr-particle-no wpr-jarallax-no wpr-parallax-no wpr-sticky-section-no e-con e-child\" data-id=\"c3a7f59\" data-element_type=\"container\">\n\t\t\t\t<div class=\"elementor-element elementor-element-f0b324f elementor-widget elementor-widget-text-editor\" data-id=\"f0b324f\" data-element_type=\"widget\" data-widget_type=\"text-editor.default\">\n\t\t\t\t\t\t\t\t\t<p>P\u0142yta bydgoskiej formacji.<\/p><p>Znajduj\u0105 si\u0119 tu utwory :<\/p><p>1.Intro<\/p><p>2.Edge of Life<\/p><p>3.Human Hypocrisy<\/p><p>4.Break The Silence<\/p><p>5.Beyond Space<\/p><p>6.Lightspheres<\/p><p>7.Phenomenon of Organized Violent Conflict<\/p><p>8.H.O.M.E (Hour Of Mother Earth)<\/p><p>9.Through the Looking Glass<\/p><p>10.The New World Order (go\u015bcinne solo)<\/p>\t\t\t\t\t\t\t\t<\/div>\n\t\t\t\t<div class=\"elementor-element elementor-element-814ebd8 elementor-widget elementor-widget-image\" data-id=\"814ebd8\" data-element_type=\"widget\" data-widget_type=\"image.default\">\n\t\t\t\t\t\t\t\t\t\t\t\t\t\t\t<img loading=\"lazy\" decoding=\"async\" width=\"990\" height=\"990\" src=\"https:\/\/mariuszlemanski.pl\/wp-content\/uploads\/2026\/03\/a0815630199_10-1024x1024.jpg\" class=\"attachment-large size-large wp-image-64\" alt=\"\" srcset=\"https:\/\/mariuszlemanski.pl\/wp-content\/uploads\/2026\/03\/a0815630199_10-1024x1024.jpg 1024w, https:\/\/mariuszlemanski.pl\/wp-content\/uploads\/2026\/03\/a0815630199_10-300x300.jpg 300w, https:\/\/mariuszlemanski.pl\/wp-content\/uploads\/2026\/03\/a0815630199_10-150x150.jpg 150w, https:\/\/mariuszlemanski.pl\/wp-content\/uploads\/2026\/03\/a0815630199_10-768x768.jpg 768w, https:\/\/mariuszlemanski.pl\/wp-content\/uploads\/2026\/03\/a0815630199_10-660x660.jpg 660w, https:\/\/mariuszlemanski.pl\/wp-content\/uploads\/2026\/03\/a0815630199_10-50x50.jpg 50w, https:\/\/mariuszlemanski.pl\/wp-content\/uploads\/2026\/03\/a0815630199_10-606x606.jpg 606w, https:\/\/mariuszlemanski.pl\/wp-content\/uploads\/2026\/03\/a0815630199_10.jpg 1200w\" sizes=\"(max-width: 990px) 100vw, 990px\" \/>\t\t\t\t\t\t\t\t\t\t\t\t\t\t\t<\/div>\n\t\t\t\t<\/div>\n\t\t\t\t<div class=\"elementor-element elementor-element-64323be elementor-widget elementor-widget-heading\" data-id=\"64323be\" data-element_type=\"widget\" data-widget_type=\"heading.default\">\n\t\t\t\t\t<h2 class=\"elementor-heading-title elementor-size-default\">FAKTOR8 \u2013 BEYOND THE REACH 2010<\/h2>\t\t\t\t<\/div>\n\t\t<div class=\"elementor-element elementor-element-4f0b215 e-grid e-con-full wpr-particle-no wpr-jarallax-no wpr-parallax-no wpr-sticky-section-no e-con e-child\" data-id=\"4f0b215\" data-element_type=\"container\">\n\t\t\t\t<div class=\"elementor-element elementor-element-83a428a elementor-widget elementor-widget-image\" data-id=\"83a428a\" data-element_type=\"widget\" data-widget_type=\"image.default\">\n\t\t\t\t\t\t\t\t\t\t\t\t\t\t\t<img loading=\"lazy\" decoding=\"async\" width=\"300\" height=\"292\" src=\"https:\/\/mariuszlemanski.pl\/wp-content\/uploads\/2026\/03\/FB_IMG_1624543510235.jpg\" class=\"attachment-large size-large wp-image-59\" alt=\"\" srcset=\"https:\/\/mariuszlemanski.pl\/wp-content\/uploads\/2026\/03\/FB_IMG_1624543510235.jpg 300w, https:\/\/mariuszlemanski.pl\/wp-content\/uploads\/2026\/03\/FB_IMG_1624543510235-50x50.jpg 50w\" sizes=\"(max-width: 300px) 100vw, 300px\" \/>\t\t\t\t\t\t\t\t\t\t\t\t\t\t\t<\/div>\n\t\t\t\t<div class=\"elementor-element elementor-element-817e401 elementor-widget elementor-widget-text-editor\" data-id=\"817e401\" data-element_type=\"widget\" data-widget_type=\"text-editor.default\">\n\t\t\t\t\t\t\t\t\t<p>Pierwsza p\u0142yta EP zespo\u0142u Factor 8 zawieraj\u0105ca mocne brzmienia.<\/p><p>Grupa zadebiutowa\u0142a na deskach sceny Riff Estrada Festival w Bydgoszczy w 2010 roku. Zesp\u00f3\u0142 swoim fenomenalnym wyst\u0119pem zdoby\u0142 tam nagrod\u0119 publiczno\u015bci.<\/p><p>Kompozycja i gitary Mariusz Lema\u0144ski.<\/p>\t\t\t\t\t\t\t\t<\/div>\n\t\t\t\t<\/div>\n\t\t\t\t<div class=\"elementor-element elementor-element-a17be6c elementor-widget elementor-widget-heading\" data-id=\"a17be6c\" data-element_type=\"widget\" data-widget_type=\"heading.default\">\n\t\t\t\t\t<h2 class=\"elementor-heading-title elementor-size-default\">Instrumentalnie Biuro Karier 2009<\/h2>\t\t\t\t<\/div>\n\t\t<div class=\"elementor-element elementor-element-26e7c15 e-grid e-con-full wpr-particle-no wpr-jarallax-no wpr-parallax-no wpr-sticky-section-no e-con e-child\" data-id=\"26e7c15\" data-element_type=\"container\">\n\t\t\t\t<div class=\"elementor-element elementor-element-aa76d6f elementor-widget elementor-widget-text-editor\" data-id=\"aa76d6f\" data-element_type=\"widget\" data-widget_type=\"text-editor.default\">\n\t\t\t\t\t\t\t\t\t<p>Bogaty instrumentalnie projekt. Zesp\u00f3\u0142 w chwili wydania kr\u0105\u017cka funkcjonowa\u0142 ju\u017c cztery lata.<\/p><p>Kawa\u0142ki pocz\u0105tkowo by\u0142y utrzymane w klimacie alternatywnego rocka, by ko\u0144cowo wr\u00f3ci\u0107 do klasyki.<\/p>\t\t\t\t\t\t\t\t<\/div>\n\t\t\t\t<div class=\"elementor-element elementor-element-2b5d294 elementor-widget elementor-widget-image\" data-id=\"2b5d294\" data-element_type=\"widget\" data-widget_type=\"image.default\">\n\t\t\t\t\t\t\t\t\t\t\t\t\t\t\t<img loading=\"lazy\" decoding=\"async\" width=\"225\" height=\"225\" src=\"https:\/\/mariuszlemanski.pl\/wp-content\/uploads\/2026\/03\/pobrane.jpeg\" class=\"attachment-large size-large wp-image-62\" alt=\"\" srcset=\"https:\/\/mariuszlemanski.pl\/wp-content\/uploads\/2026\/03\/pobrane.jpeg 225w, https:\/\/mariuszlemanski.pl\/wp-content\/uploads\/2026\/03\/pobrane-150x150.jpeg 150w, https:\/\/mariuszlemanski.pl\/wp-content\/uploads\/2026\/03\/pobrane-50x50.jpeg 50w\" sizes=\"(max-width: 225px) 100vw, 225px\" \/>\t\t\t\t\t\t\t\t\t\t\t\t\t\t\t<\/div>\n\t\t\t\t<\/div>\n\t\t\t\t<div class=\"elementor-element elementor-element-406712c elementor-widget elementor-widget-heading\" data-id=\"406712c\" data-element_type=\"widget\" data-widget_type=\"heading.default\">\n\t\t\t\t\t<h2 class=\"elementor-heading-title elementor-size-default\">Budz\u0105c Umar\u0142ych Band X 2016<\/h2>\t\t\t\t<\/div>\n\t\t<div class=\"elementor-element elementor-element-bb45463 e-grid e-con-full wpr-particle-no wpr-jarallax-no wpr-parallax-no wpr-sticky-section-no e-con e-child\" data-id=\"bb45463\" data-element_type=\"container\">\n\t\t\t\t<div class=\"elementor-element elementor-element-9e6c9b4 elementor-widget elementor-widget-image\" data-id=\"9e6c9b4\" data-element_type=\"widget\" data-widget_type=\"image.default\">\n\t\t\t\t\t\t\t\t\t\t\t\t\t\t\t<img loading=\"lazy\" decoding=\"async\" width=\"595\" height=\"597\" src=\"https:\/\/mariuszlemanski.pl\/wp-content\/uploads\/2026\/03\/R-10061322-1491943011-3400.jpeg.jpg\" class=\"attachment-large size-large wp-image-63\" alt=\"\" srcset=\"https:\/\/mariuszlemanski.pl\/wp-content\/uploads\/2026\/03\/R-10061322-1491943011-3400.jpeg.jpg 595w, https:\/\/mariuszlemanski.pl\/wp-content\/uploads\/2026\/03\/R-10061322-1491943011-3400.jpeg-300x300.jpg 300w, https:\/\/mariuszlemanski.pl\/wp-content\/uploads\/2026\/03\/R-10061322-1491943011-3400.jpeg-150x150.jpg 150w, https:\/\/mariuszlemanski.pl\/wp-content\/uploads\/2026\/03\/R-10061322-1491943011-3400.jpeg-50x50.jpg 50w\" sizes=\"(max-width: 595px) 100vw, 595px\" \/>\t\t\t\t\t\t\t\t\t\t\t\t\t\t\t<\/div>\n\t\t\t\t<div class=\"elementor-element elementor-element-06084fb elementor-widget elementor-widget-text-editor\" data-id=\"06084fb\" data-element_type=\"widget\" data-widget_type=\"text-editor.default\">\n\t\t\t\t\t\t\t\t\t<div id=\"primary\" class=\"content-area\"><main id=\"main\" class=\"site-main\" role=\"main\"><\/main><div class=\"singular-content-wrap\"><article id=\"post-687\" class=\"post-687 page type-page status-publish hentry\"><div class=\"entry-content\"><div class=\"elementor elementor-687\" data-elementor-type=\"wp-page\" data-elementor-id=\"687\"><section class=\"elementor-section elementor-top-section elementor-element elementor-element-673d531 elementor-section-boxed elementor-section-height-default elementor-section-height-default\" data-id=\"673d531\" data-element_type=\"section\" data-settings=\"{&quot;_ha_eqh_enable&quot;:false}\"><div class=\"elementor-container elementor-column-gap-default\"><div class=\"elementor-column elementor-col-100 elementor-top-column elementor-element elementor-element-f9fc06c\" data-id=\"f9fc06c\" data-element_type=\"column\"><div class=\"elementor-widget-wrap elementor-element-populated\"><div class=\"elementor-element elementor-element-5f47184 elementor-widget elementor-widget-text-editor\" data-id=\"5f47184\" data-element_type=\"widget\" data-widget_type=\"text-editor.default\"><div class=\"elementor-widget-container\"><p>P\u0142yta z magazynu \u201cMusick Magazine #16\u201d (3\/2016).<\/p><p>1 Dark Side- My Epitaph<\/p><p>2 Extinkt- Cancer Villages<\/p><p>3 Hoax Of Upsala \u2013 Torn Apart<\/p><p>4 Cowshed \u2013 Wrong<\/p><p>5 Beyond The Infinity\u2013 Lake Fallen Engel<\/p><p>6 Immortal Dreams \u2013 Mommy<\/p><p>7 Obsidian Mantra \u2013 Ghost<\/p><p>8 Snake Eyes\u2013 Wounds Without Blood<\/p><p>9 Horn Impaler\u2013 Desanctified By Sacrum<\/p><p>10 Frenatron \u2013 Cartographer Of Hell<\/p><p>11 Faktor 8 \u2013 CircleOf Death<\/p><p>12 Raincoat\u2013 Kara<\/p><\/div><\/div><\/div><\/div><\/div><\/section><\/div><\/div><\/article><\/div><p>\u00a0<\/p><\/div><aside id=\"secondary\" class=\"sidebar widget-area\" role=\"complementary\"><section id=\"block-4\" class=\"widget widget_block\"><ul class=\"wp-block-social-links has-large-icon-size is-layout-flex wp-block-social-links-is-layout-flex\"><li class=\"wp-social-link wp-social-link-facebook wp-block-social-link\"><a class=\"wp-block-social-link-anchor\" href=\"https:\/\/web.archive.org\/web\/20240417051436\/https:\/\/www.facebook.com\/mariuszlemanskipl\"><span class=\"wp-block-social-link-label screen-reader-text\">Facebook<\/span><\/a><\/li><li class=\"wp-social-link wp-social-link-instagram wp-block-social-link\"><a class=\"wp-block-social-link-anchor\" href=\"https:\/\/web.archive.org\/web\/20240417051436\/https:\/\/instagram.com\/aegir_mariuszlemanski\"><span class=\"wp-block-social-link-label screen-reader-text\">Instagram<\/span><\/a><\/li><li class=\"wp-social-link wp-social-link-tiktok wp-block-social-link\"><a class=\"wp-block-social-link-anchor\" href=\"https:\/\/web.archive.org\/web\/20240417051436\/https:\/\/www.tiktok.com\/@mlaegir?lang=pl-PL\"><span class=\"wp-block-social-link-label screen-reader-text\">TikTok<\/span><\/a><\/li><li class=\"wp-social-link wp-social-link-youtube wp-block-social-link\">\u00a0<\/li><\/ul><\/section><\/aside>\t\t\t\t\t\t\t\t<\/div>\n\t\t\t\t<\/div>\n\t\t\t\t\t<\/div>\n\t\t\t\t<\/div>\n\t\t\t\t<\/div>\n\t\t","protected":false},"excerpt":{"rendered":"<p>Aegir \u2013 THE AWAKENING 2021 Solowy projekt muzyczny, kt\u00f3ry ukazuje si\u0119 regularnie w formie teledysk\u00f3w na kanale yt tw\u00f3rcy. List\u0119 &hellip; <a href=\"https:\/\/mariuszlemanski.pl\/?page_id=46\" class=\"more-link\"><span class=\"more-button\">Continue Reading<span class=\"screen-reader-text\">Dyskografia<\/span><\/span><\/a><\/p>\n","protected":false},"author":1,"featured_media":0,"parent":0,"menu_order":1,"comment_status":"closed","ping_status":"closed","template":"","meta":{"footnotes":""},"class_list":["post-46","page","type-page","status-publish","hentry"],"_links":{"self":[{"href":"https:\/\/mariuszlemanski.pl\/index.php?rest_route=\/wp\/v2\/pages\/46","targetHints":{"allow":["GET"]}}],"collection":[{"href":"https:\/\/mariuszlemanski.pl\/index.php?rest_route=\/wp\/v2\/pages"}],"about":[{"href":"https:\/\/mariuszlemanski.pl\/index.php?rest_route=\/wp\/v2\/types\/page"}],"author":[{"embeddable":true,"href":"https:\/\/mariuszlemanski.pl\/index.php?rest_route=\/wp\/v2\/users\/1"}],"replies":[{"embeddable":true,"href":"https:\/\/mariuszlemanski.pl\/index.php?rest_route=%2Fwp%2Fv2%2Fcomments&post=46"}],"version-history":[{"count":13,"href":"https:\/\/mariuszlemanski.pl\/index.php?rest_route=\/wp\/v2\/pages\/46\/revisions"}],"predecessor-version":[{"id":68,"href":"https:\/\/mariuszlemanski.pl\/index.php?rest_route=\/wp\/v2\/pages\/46\/revisions\/68"}],"wp:attachment":[{"href":"https:\/\/mariuszlemanski.pl\/index.php?rest_route=%2Fwp%2Fv2%2Fmedia&parent=46"}],"curies":[{"name":"wp","href":"https:\/\/api.w.org\/{rel}","templated":true}]}}