{"id":109,"date":"2026-03-01T22:20:22","date_gmt":"2026-03-01T21:20:22","guid":{"rendered":"https:\/\/mariuszlemanski.pl\/?page_id=109"},"modified":"2026-03-01T22:23:58","modified_gmt":"2026-03-01T21:23:58","slug":"warsztaty","status":"publish","type":"page","link":"https:\/\/mariuszlemanski.pl\/?page_id=109","title":{"rendered":"Warsztaty"},"content":{"rendered":"\t\t<div data-elementor-type=\"wp-page\" data-elementor-id=\"109\" class=\"elementor elementor-109\">\n\t\t\t\t<div class=\"elementor-element elementor-element-1bf018f e-flex e-con-boxed wpr-particle-no wpr-jarallax-no wpr-parallax-no wpr-sticky-section-no e-con e-parent\" data-id=\"1bf018f\" data-element_type=\"container\">\n\t\t\t\t\t<div class=\"e-con-inner\">\n\t\t\t\t<div class=\"elementor-element elementor-element-efc135a elementor-widget elementor-widget-heading\" data-id=\"efc135a\" data-element_type=\"widget\" data-widget_type=\"heading.default\">\n\t\t\t\t\t<h2 class=\"elementor-heading-title elementor-size-default\">Skontaktuj si\u0119 \u017ceby otrzyma\u0107 informacj\u0119 o najbli\u017cszych terminach w tym roku!<\/h2>\t\t\t\t<\/div>\n\t\t\t\t\t<\/div>\n\t\t\t\t<\/div>\n\t\t<div class=\"elementor-element elementor-element-e1cbe52 e-flex e-con-boxed wpr-particle-no wpr-jarallax-no wpr-parallax-no wpr-sticky-section-no e-con e-parent\" data-id=\"e1cbe52\" data-element_type=\"container\">\n\t\t\t\t\t<div class=\"e-con-inner\">\n\t\t\t\t<div class=\"elementor-element elementor-element-a970d00 elementor-widget elementor-widget-image-gallery\" data-id=\"a970d00\" data-element_type=\"widget\" data-widget_type=\"image-gallery.default\">\n\t\t\t\t\t\t\t<div class=\"elementor-image-gallery\">\n\t\t\t<div id='gallery-1' class='gallery galleryid-109 gallery-columns-2 gallery-size-medium_large'><figure class='gallery-item'>\n\t\t\t<div class='gallery-icon portrait'>\n\t\t\t\t<a data-elementor-open-lightbox=\"yes\" data-elementor-lightbox-slideshow=\"a970d00\" data-elementor-lightbox-title=\"FB_IMG_1624547838657 [1024x768]\" data-e-action-hash=\"#elementor-action%3Aaction%3Dlightbox%26settings%3DeyJpZCI6MTI1LCJ1cmwiOiJodHRwczpcL1wvbWFyaXVzemxlbWFuc2tpLnBsXC93cC1jb250ZW50XC91cGxvYWRzXC8yMDI2XC8wM1wvRkJfSU1HXzE2MjQ1NDc4Mzg2NTctMTAyNHg3NjgtMS5qcGciLCJzbGlkZXNob3ciOiJhOTcwZDAwIn0%3D\" href='https:\/\/mariuszlemanski.pl\/wp-content\/uploads\/2026\/03\/FB_IMG_1624547838657-1024x768-1.jpg'><img fetchpriority=\"high\" decoding=\"async\" width=\"545\" height=\"768\" src=\"https:\/\/mariuszlemanski.pl\/wp-content\/uploads\/2026\/03\/FB_IMG_1624547838657-1024x768-1.jpg\" class=\"attachment-medium_large size-medium_large\" alt=\"\" srcset=\"https:\/\/mariuszlemanski.pl\/wp-content\/uploads\/2026\/03\/FB_IMG_1624547838657-1024x768-1.jpg 545w, https:\/\/mariuszlemanski.pl\/wp-content\/uploads\/2026\/03\/FB_IMG_1624547838657-1024x768-1-213x300.jpg 213w, https:\/\/mariuszlemanski.pl\/wp-content\/uploads\/2026\/03\/FB_IMG_1624547838657-1024x768-1-468x660.jpg 468w\" sizes=\"(max-width: 545px) 100vw, 545px\" \/><\/a>\n\t\t\t<\/div><\/figure><figure class='gallery-item'>\n\t\t\t<div class='gallery-icon portrait'>\n\t\t\t\t<a data-elementor-open-lightbox=\"yes\" data-elementor-lightbox-slideshow=\"a970d00\" data-elementor-lightbox-title=\"FB_IMG_1624547833707 [1024x768]\" data-e-action-hash=\"#elementor-action%3Aaction%3Dlightbox%26settings%3DeyJpZCI6MTI0LCJ1cmwiOiJodHRwczpcL1wvbWFyaXVzemxlbWFuc2tpLnBsXC93cC1jb250ZW50XC91cGxvYWRzXC8yMDI2XC8wM1wvRkJfSU1HXzE2MjQ1NDc4MzM3MDctMTAyNHg3NjgtMS5qcGciLCJzbGlkZXNob3ciOiJhOTcwZDAwIn0%3D\" href='https:\/\/mariuszlemanski.pl\/wp-content\/uploads\/2026\/03\/FB_IMG_1624547833707-1024x768-1.jpg'><img decoding=\"async\" width=\"553\" height=\"768\" src=\"https:\/\/mariuszlemanski.pl\/wp-content\/uploads\/2026\/03\/FB_IMG_1624547833707-1024x768-1.jpg\" class=\"attachment-medium_large size-medium_large\" alt=\"\" srcset=\"https:\/\/mariuszlemanski.pl\/wp-content\/uploads\/2026\/03\/FB_IMG_1624547833707-1024x768-1.jpg 553w, https:\/\/mariuszlemanski.pl\/wp-content\/uploads\/2026\/03\/FB_IMG_1624547833707-1024x768-1-216x300.jpg 216w, https:\/\/mariuszlemanski.pl\/wp-content\/uploads\/2026\/03\/FB_IMG_1624547833707-1024x768-1-475x660.jpg 475w\" sizes=\"(max-width: 553px) 100vw, 553px\" \/><\/a>\n\t\t\t<\/div><\/figure><figure class='gallery-item'>\n\t\t\t<div class='gallery-icon portrait'>\n\t\t\t\t<a data-elementor-open-lightbox=\"yes\" data-elementor-lightbox-slideshow=\"a970d00\" data-elementor-lightbox-title=\"2019 [1024x768]\" data-e-action-hash=\"#elementor-action%3Aaction%3Dlightbox%26settings%3DeyJpZCI6MTEzLCJ1cmwiOiJodHRwczpcL1wvbWFyaXVzemxlbWFuc2tpLnBsXC93cC1jb250ZW50XC91cGxvYWRzXC8yMDI2XC8wM1wvMjAxOS0xMDI0eDc2OC0xLmpwZyIsInNsaWRlc2hvdyI6ImE5NzBkMDAifQ%3D%3D\" href='https:\/\/mariuszlemanski.pl\/wp-content\/uploads\/2026\/03\/2019-1024x768-1.jpg'><img decoding=\"async\" width=\"543\" height=\"768\" src=\"https:\/\/mariuszlemanski.pl\/wp-content\/uploads\/2026\/03\/2019-1024x768-1.jpg\" class=\"attachment-medium_large size-medium_large\" alt=\"\" srcset=\"https:\/\/mariuszlemanski.pl\/wp-content\/uploads\/2026\/03\/2019-1024x768-1.jpg 543w, https:\/\/mariuszlemanski.pl\/wp-content\/uploads\/2026\/03\/2019-1024x768-1-212x300.jpg 212w, https:\/\/mariuszlemanski.pl\/wp-content\/uploads\/2026\/03\/2019-1024x768-1-467x660.jpg 467w\" sizes=\"(max-width: 543px) 100vw, 543px\" \/><\/a>\n\t\t\t<\/div><\/figure><figure class='gallery-item'>\n\t\t\t<div class='gallery-icon portrait'>\n\t\t\t\t<a data-elementor-open-lightbox=\"yes\" data-elementor-lightbox-slideshow=\"a970d00\" data-elementor-lightbox-title=\"FB_IMG_1624545937292 [1024x768]\" data-e-action-hash=\"#elementor-action%3Aaction%3Dlightbox%26settings%3DeyJpZCI6MTE0LCJ1cmwiOiJodHRwczpcL1wvbWFyaXVzemxlbWFuc2tpLnBsXC93cC1jb250ZW50XC91cGxvYWRzXC8yMDI2XC8wM1wvRkJfSU1HXzE2MjQ1NDU5MzcyOTItMTAyNHg3NjgtMS5qcGciLCJzbGlkZXNob3ciOiJhOTcwZDAwIn0%3D\" href='https:\/\/mariuszlemanski.pl\/wp-content\/uploads\/2026\/03\/FB_IMG_1624545937292-1024x768-1.jpg'><img loading=\"lazy\" decoding=\"async\" width=\"551\" height=\"768\" src=\"https:\/\/mariuszlemanski.pl\/wp-content\/uploads\/2026\/03\/FB_IMG_1624545937292-1024x768-1.jpg\" class=\"attachment-medium_large size-medium_large\" alt=\"\" srcset=\"https:\/\/mariuszlemanski.pl\/wp-content\/uploads\/2026\/03\/FB_IMG_1624545937292-1024x768-1.jpg 551w, https:\/\/mariuszlemanski.pl\/wp-content\/uploads\/2026\/03\/FB_IMG_1624545937292-1024x768-1-215x300.jpg 215w, https:\/\/mariuszlemanski.pl\/wp-content\/uploads\/2026\/03\/FB_IMG_1624545937292-1024x768-1-474x660.jpg 474w\" sizes=\"(max-width: 551px) 100vw, 551px\" \/><\/a>\n\t\t\t<\/div><\/figure><figure class='gallery-item'>\n\t\t\t<div class='gallery-icon portrait'>\n\t\t\t\t<a data-elementor-open-lightbox=\"yes\" data-elementor-lightbox-slideshow=\"a970d00\" data-elementor-lightbox-title=\"2016 [1024x768]\" data-e-action-hash=\"#elementor-action%3Aaction%3Dlightbox%26settings%3DeyJpZCI6MTEyLCJ1cmwiOiJodHRwczpcL1wvbWFyaXVzemxlbWFuc2tpLnBsXC93cC1jb250ZW50XC91cGxvYWRzXC8yMDI2XC8wM1wvMjAxNi0xMDI0eDc2OC0xLmpwZyIsInNsaWRlc2hvdyI6ImE5NzBkMDAifQ%3D%3D\" href='https:\/\/mariuszlemanski.pl\/wp-content\/uploads\/2026\/03\/2016-1024x768-1.jpg'><img loading=\"lazy\" decoding=\"async\" width=\"546\" height=\"768\" src=\"https:\/\/mariuszlemanski.pl\/wp-content\/uploads\/2026\/03\/2016-1024x768-1.jpg\" class=\"attachment-medium_large size-medium_large\" alt=\"\" srcset=\"https:\/\/mariuszlemanski.pl\/wp-content\/uploads\/2026\/03\/2016-1024x768-1.jpg 546w, https:\/\/mariuszlemanski.pl\/wp-content\/uploads\/2026\/03\/2016-1024x768-1-213x300.jpg 213w, https:\/\/mariuszlemanski.pl\/wp-content\/uploads\/2026\/03\/2016-1024x768-1-469x660.jpg 469w\" sizes=\"(max-width: 546px) 100vw, 546px\" \/><\/a>\n\t\t\t<\/div><\/figure><figure class='gallery-item'>\n\t\t\t<div class='gallery-icon landscape'>\n\t\t\t\t<a data-elementor-open-lightbox=\"yes\" data-elementor-lightbox-slideshow=\"a970d00\" data-elementor-lightbox-title=\"FB_IMG_1624547522203 [1024x768]\" data-e-action-hash=\"#elementor-action%3Aaction%3Dlightbox%26settings%3DeyJpZCI6MTE2LCJ1cmwiOiJodHRwczpcL1wvbWFyaXVzemxlbWFuc2tpLnBsXC93cC1jb250ZW50XC91cGxvYWRzXC8yMDI2XC8wM1wvRkJfSU1HXzE2MjQ1NDc1MjIyMDMtMTAyNHg3NjgtMS5qcGciLCJzbGlkZXNob3ciOiJhOTcwZDAwIn0%3D\" href='https:\/\/mariuszlemanski.pl\/wp-content\/uploads\/2026\/03\/FB_IMG_1624547522203-1024x768-1.jpg'><img loading=\"lazy\" decoding=\"async\" width=\"768\" height=\"402\" src=\"https:\/\/mariuszlemanski.pl\/wp-content\/uploads\/2026\/03\/FB_IMG_1624547522203-1024x768-1-768x402.jpg\" class=\"attachment-medium_large size-medium_large\" alt=\"\" srcset=\"https:\/\/mariuszlemanski.pl\/wp-content\/uploads\/2026\/03\/FB_IMG_1624547522203-1024x768-1-768x402.jpg 768w, https:\/\/mariuszlemanski.pl\/wp-content\/uploads\/2026\/03\/FB_IMG_1624547522203-1024x768-1-300x157.jpg 300w, https:\/\/mariuszlemanski.pl\/wp-content\/uploads\/2026\/03\/FB_IMG_1624547522203-1024x768-1-990x518.jpg 990w, https:\/\/mariuszlemanski.pl\/wp-content\/uploads\/2026\/03\/FB_IMG_1624547522203-1024x768-1.jpg 1024w\" sizes=\"(max-width: 768px) 100vw, 768px\" \/><\/a>\n\t\t\t<\/div><\/figure><figure class='gallery-item'>\n\t\t\t<div class='gallery-icon portrait'>\n\t\t\t\t<a data-elementor-open-lightbox=\"yes\" data-elementor-lightbox-slideshow=\"a970d00\" data-elementor-lightbox-title=\"FB_IMG_1624547424757 [1024x768]\" data-e-action-hash=\"#elementor-action%3Aaction%3Dlightbox%26settings%3DeyJpZCI6MTE1LCJ1cmwiOiJodHRwczpcL1wvbWFyaXVzemxlbWFuc2tpLnBsXC93cC1jb250ZW50XC91cGxvYWRzXC8yMDI2XC8wM1wvRkJfSU1HXzE2MjQ1NDc0MjQ3NTctMTAyNHg3NjgtMS5qcGciLCJzbGlkZXNob3ciOiJhOTcwZDAwIn0%3D\" href='https:\/\/mariuszlemanski.pl\/wp-content\/uploads\/2026\/03\/FB_IMG_1624547424757-1024x768-1.jpg'><img loading=\"lazy\" decoding=\"async\" width=\"544\" height=\"768\" src=\"https:\/\/mariuszlemanski.pl\/wp-content\/uploads\/2026\/03\/FB_IMG_1624547424757-1024x768-1.jpg\" class=\"attachment-medium_large size-medium_large\" alt=\"\" srcset=\"https:\/\/mariuszlemanski.pl\/wp-content\/uploads\/2026\/03\/FB_IMG_1624547424757-1024x768-1.jpg 544w, https:\/\/mariuszlemanski.pl\/wp-content\/uploads\/2026\/03\/FB_IMG_1624547424757-1024x768-1-213x300.jpg 213w, https:\/\/mariuszlemanski.pl\/wp-content\/uploads\/2026\/03\/FB_IMG_1624547424757-1024x768-1-468x660.jpg 468w\" sizes=\"(max-width: 544px) 100vw, 544px\" \/><\/a>\n\t\t\t<\/div><\/figure><figure class='gallery-item'>\n\t\t\t<div class='gallery-icon portrait'>\n\t\t\t\t<a data-elementor-open-lightbox=\"yes\" data-elementor-lightbox-slideshow=\"a970d00\" data-elementor-lightbox-title=\"2 2016 [1024x768]\" data-e-action-hash=\"#elementor-action%3Aaction%3Dlightbox%26settings%3DeyJpZCI6MTExLCJ1cmwiOiJodHRwczpcL1wvbWFyaXVzemxlbWFuc2tpLnBsXC93cC1jb250ZW50XC91cGxvYWRzXC8yMDI2XC8wM1wvMi0yMDE2LTEwMjR4NzY4LTEuanBnIiwic2xpZGVzaG93IjoiYTk3MGQwMCJ9\" href='https:\/\/mariuszlemanski.pl\/wp-content\/uploads\/2026\/03\/2-2016-1024x768-1.jpg'><img loading=\"lazy\" decoding=\"async\" width=\"548\" height=\"768\" src=\"https:\/\/mariuszlemanski.pl\/wp-content\/uploads\/2026\/03\/2-2016-1024x768-1.jpg\" class=\"attachment-medium_large size-medium_large\" alt=\"\" srcset=\"https:\/\/mariuszlemanski.pl\/wp-content\/uploads\/2026\/03\/2-2016-1024x768-1.jpg 548w, https:\/\/mariuszlemanski.pl\/wp-content\/uploads\/2026\/03\/2-2016-1024x768-1-214x300.jpg 214w, https:\/\/mariuszlemanski.pl\/wp-content\/uploads\/2026\/03\/2-2016-1024x768-1-471x660.jpg 471w\" sizes=\"(max-width: 548px) 100vw, 548px\" \/><\/a>\n\t\t\t<\/div><\/figure><figure class='gallery-item'>\n\t\t\t<div class='gallery-icon landscape'>\n\t\t\t\t<a data-elementor-open-lightbox=\"yes\" data-elementor-lightbox-slideshow=\"a970d00\" data-elementor-lightbox-title=\"FB_IMG_1624547774164 [1024x768]\" data-e-action-hash=\"#elementor-action%3Aaction%3Dlightbox%26settings%3DeyJpZCI6MTIzLCJ1cmwiOiJodHRwczpcL1wvbWFyaXVzemxlbWFuc2tpLnBsXC93cC1jb250ZW50XC91cGxvYWRzXC8yMDI2XC8wM1wvRkJfSU1HXzE2MjQ1NDc3NzQxNjQtMTAyNHg3NjgtMS5qcGciLCJzbGlkZXNob3ciOiJhOTcwZDAwIn0%3D\" href='https:\/\/mariuszlemanski.pl\/wp-content\/uploads\/2026\/03\/FB_IMG_1624547774164-1024x768-1.jpg'><img loading=\"lazy\" decoding=\"async\" width=\"768\" height=\"576\" src=\"https:\/\/mariuszlemanski.pl\/wp-content\/uploads\/2026\/03\/FB_IMG_1624547774164-1024x768-1-768x576.jpg\" class=\"attachment-medium_large size-medium_large\" alt=\"\" srcset=\"https:\/\/mariuszlemanski.pl\/wp-content\/uploads\/2026\/03\/FB_IMG_1624547774164-1024x768-1-768x576.jpg 768w, https:\/\/mariuszlemanski.pl\/wp-content\/uploads\/2026\/03\/FB_IMG_1624547774164-1024x768-1-300x225.jpg 300w, https:\/\/mariuszlemanski.pl\/wp-content\/uploads\/2026\/03\/FB_IMG_1624547774164-1024x768-1-880x660.jpg 880w, https:\/\/mariuszlemanski.pl\/wp-content\/uploads\/2026\/03\/FB_IMG_1624547774164-1024x768-1-606x455.jpg 606w, https:\/\/mariuszlemanski.pl\/wp-content\/uploads\/2026\/03\/FB_IMG_1624547774164-1024x768-1-730x547.jpg 730w, https:\/\/mariuszlemanski.pl\/wp-content\/uploads\/2026\/03\/FB_IMG_1624547774164-1024x768-1.jpg 1024w\" sizes=\"(max-width: 768px) 100vw, 768px\" \/><\/a>\n\t\t\t<\/div><\/figure><figure class='gallery-item'>\n\t\t\t<div class='gallery-icon landscape'>\n\t\t\t\t<a data-elementor-open-lightbox=\"yes\" data-elementor-lightbox-slideshow=\"a970d00\" data-elementor-lightbox-title=\"FB_IMG_1624547759740 [1024x768]\" data-e-action-hash=\"#elementor-action%3Aaction%3Dlightbox%26settings%3DeyJpZCI6MTIyLCJ1cmwiOiJodHRwczpcL1wvbWFyaXVzemxlbWFuc2tpLnBsXC93cC1jb250ZW50XC91cGxvYWRzXC8yMDI2XC8wM1wvRkJfSU1HXzE2MjQ1NDc3NTk3NDAtMTAyNHg3NjgtMS5qcGciLCJzbGlkZXNob3ciOiJhOTcwZDAwIn0%3D\" href='https:\/\/mariuszlemanski.pl\/wp-content\/uploads\/2026\/03\/FB_IMG_1624547759740-1024x768-1.jpg'><img loading=\"lazy\" decoding=\"async\" width=\"768\" height=\"576\" src=\"https:\/\/mariuszlemanski.pl\/wp-content\/uploads\/2026\/03\/FB_IMG_1624547759740-1024x768-1-768x576.jpg\" class=\"attachment-medium_large size-medium_large\" alt=\"\" srcset=\"https:\/\/mariuszlemanski.pl\/wp-content\/uploads\/2026\/03\/FB_IMG_1624547759740-1024x768-1-768x576.jpg 768w, https:\/\/mariuszlemanski.pl\/wp-content\/uploads\/2026\/03\/FB_IMG_1624547759740-1024x768-1-300x225.jpg 300w, https:\/\/mariuszlemanski.pl\/wp-content\/uploads\/2026\/03\/FB_IMG_1624547759740-1024x768-1-880x660.jpg 880w, https:\/\/mariuszlemanski.pl\/wp-content\/uploads\/2026\/03\/FB_IMG_1624547759740-1024x768-1-606x455.jpg 606w, https:\/\/mariuszlemanski.pl\/wp-content\/uploads\/2026\/03\/FB_IMG_1624547759740-1024x768-1-730x547.jpg 730w, https:\/\/mariuszlemanski.pl\/wp-content\/uploads\/2026\/03\/FB_IMG_1624547759740-1024x768-1.jpg 1024w\" sizes=\"(max-width: 768px) 100vw, 768px\" \/><\/a>\n\t\t\t<\/div><\/figure><figure class='gallery-item'>\n\t\t\t<div class='gallery-icon landscape'>\n\t\t\t\t<a data-elementor-open-lightbox=\"yes\" data-elementor-lightbox-slideshow=\"a970d00\" data-elementor-lightbox-title=\"FB_IMG_1624547709401 [1024x768]\" data-e-action-hash=\"#elementor-action%3Aaction%3Dlightbox%26settings%3DeyJpZCI6MTIxLCJ1cmwiOiJodHRwczpcL1wvbWFyaXVzemxlbWFuc2tpLnBsXC93cC1jb250ZW50XC91cGxvYWRzXC8yMDI2XC8wM1wvRkJfSU1HXzE2MjQ1NDc3MDk0MDEtMTAyNHg3NjgtMS5qcGciLCJzbGlkZXNob3ciOiJhOTcwZDAwIn0%3D\" href='https:\/\/mariuszlemanski.pl\/wp-content\/uploads\/2026\/03\/FB_IMG_1624547709401-1024x768-1.jpg'><img loading=\"lazy\" decoding=\"async\" width=\"768\" height=\"509\" src=\"https:\/\/mariuszlemanski.pl\/wp-content\/uploads\/2026\/03\/FB_IMG_1624547709401-1024x768-1-768x509.jpg\" class=\"attachment-medium_large size-medium_large\" alt=\"\" srcset=\"https:\/\/mariuszlemanski.pl\/wp-content\/uploads\/2026\/03\/FB_IMG_1624547709401-1024x768-1-768x509.jpg 768w, https:\/\/mariuszlemanski.pl\/wp-content\/uploads\/2026\/03\/FB_IMG_1624547709401-1024x768-1-300x199.jpg 300w, https:\/\/mariuszlemanski.pl\/wp-content\/uploads\/2026\/03\/FB_IMG_1624547709401-1024x768-1-990x655.jpg 990w, https:\/\/mariuszlemanski.pl\/wp-content\/uploads\/2026\/03\/FB_IMG_1624547709401-1024x768-1.jpg 1024w\" sizes=\"(max-width: 768px) 100vw, 768px\" \/><\/a>\n\t\t\t<\/div><\/figure><figure class='gallery-item'>\n\t\t\t<div class='gallery-icon landscape'>\n\t\t\t\t<a data-elementor-open-lightbox=\"yes\" data-elementor-lightbox-slideshow=\"a970d00\" data-elementor-lightbox-title=\"FB_IMG_1624547702721 [1024x768]\" data-e-action-hash=\"#elementor-action%3Aaction%3Dlightbox%26settings%3DeyJpZCI6MTIwLCJ1cmwiOiJodHRwczpcL1wvbWFyaXVzemxlbWFuc2tpLnBsXC93cC1jb250ZW50XC91cGxvYWRzXC8yMDI2XC8wM1wvRkJfSU1HXzE2MjQ1NDc3MDI3MjEtMTAyNHg3NjgtMS5qcGciLCJzbGlkZXNob3ciOiJhOTcwZDAwIn0%3D\" href='https:\/\/mariuszlemanski.pl\/wp-content\/uploads\/2026\/03\/FB_IMG_1624547702721-1024x768-1.jpg'><img loading=\"lazy\" decoding=\"async\" width=\"768\" height=\"512\" src=\"https:\/\/mariuszlemanski.pl\/wp-content\/uploads\/2026\/03\/FB_IMG_1624547702721-1024x768-1-768x512.jpg\" class=\"attachment-medium_large size-medium_large\" alt=\"\" srcset=\"https:\/\/mariuszlemanski.pl\/wp-content\/uploads\/2026\/03\/FB_IMG_1624547702721-1024x768-1-768x512.jpg 768w, https:\/\/mariuszlemanski.pl\/wp-content\/uploads\/2026\/03\/FB_IMG_1624547702721-1024x768-1-300x200.jpg 300w, https:\/\/mariuszlemanski.pl\/wp-content\/uploads\/2026\/03\/FB_IMG_1624547702721-1024x768-1-990x660.jpg 990w, https:\/\/mariuszlemanski.pl\/wp-content\/uploads\/2026\/03\/FB_IMG_1624547702721-1024x768-1.jpg 1024w\" sizes=\"(max-width: 768px) 100vw, 768px\" \/><\/a>\n\t\t\t<\/div><\/figure><figure class='gallery-item'>\n\t\t\t<div class='gallery-icon landscape'>\n\t\t\t\t<a data-elementor-open-lightbox=\"yes\" data-elementor-lightbox-slideshow=\"a970d00\" data-elementor-lightbox-title=\"FB_IMG_1624547697304 [1024x768]\" data-e-action-hash=\"#elementor-action%3Aaction%3Dlightbox%26settings%3DeyJpZCI6MTE5LCJ1cmwiOiJodHRwczpcL1wvbWFyaXVzemxlbWFuc2tpLnBsXC93cC1jb250ZW50XC91cGxvYWRzXC8yMDI2XC8wM1wvRkJfSU1HXzE2MjQ1NDc2OTczMDQtMTAyNHg3NjgtMS5qcGciLCJzbGlkZXNob3ciOiJhOTcwZDAwIn0%3D\" href='https:\/\/mariuszlemanski.pl\/wp-content\/uploads\/2026\/03\/FB_IMG_1624547697304-1024x768-1.jpg'><img loading=\"lazy\" decoding=\"async\" width=\"768\" height=\"576\" src=\"https:\/\/mariuszlemanski.pl\/wp-content\/uploads\/2026\/03\/FB_IMG_1624547697304-1024x768-1-768x576.jpg\" class=\"attachment-medium_large size-medium_large\" alt=\"\" srcset=\"https:\/\/mariuszlemanski.pl\/wp-content\/uploads\/2026\/03\/FB_IMG_1624547697304-1024x768-1-768x576.jpg 768w, https:\/\/mariuszlemanski.pl\/wp-content\/uploads\/2026\/03\/FB_IMG_1624547697304-1024x768-1-300x225.jpg 300w, https:\/\/mariuszlemanski.pl\/wp-content\/uploads\/2026\/03\/FB_IMG_1624547697304-1024x768-1-880x660.jpg 880w, https:\/\/mariuszlemanski.pl\/wp-content\/uploads\/2026\/03\/FB_IMG_1624547697304-1024x768-1-606x455.jpg 606w, https:\/\/mariuszlemanski.pl\/wp-content\/uploads\/2026\/03\/FB_IMG_1624547697304-1024x768-1-730x547.jpg 730w, https:\/\/mariuszlemanski.pl\/wp-content\/uploads\/2026\/03\/FB_IMG_1624547697304-1024x768-1.jpg 1024w\" sizes=\"(max-width: 768px) 100vw, 768px\" \/><\/a>\n\t\t\t<\/div><\/figure><figure class='gallery-item'>\n\t\t\t<div class='gallery-icon landscape'>\n\t\t\t\t<a data-elementor-open-lightbox=\"yes\" data-elementor-lightbox-slideshow=\"a970d00\" data-elementor-lightbox-title=\"FB_IMG_1624547689948 [1024x768]\" data-e-action-hash=\"#elementor-action%3Aaction%3Dlightbox%26settings%3DeyJpZCI6MTE4LCJ1cmwiOiJodHRwczpcL1wvbWFyaXVzemxlbWFuc2tpLnBsXC93cC1jb250ZW50XC91cGxvYWRzXC8yMDI2XC8wM1wvRkJfSU1HXzE2MjQ1NDc2ODk5NDgtMTAyNHg3NjgtMS5qcGciLCJzbGlkZXNob3ciOiJhOTcwZDAwIn0%3D\" href='https:\/\/mariuszlemanski.pl\/wp-content\/uploads\/2026\/03\/FB_IMG_1624547689948-1024x768-1.jpg'><img loading=\"lazy\" decoding=\"async\" width=\"768\" height=\"576\" src=\"https:\/\/mariuszlemanski.pl\/wp-content\/uploads\/2026\/03\/FB_IMG_1624547689948-1024x768-1-768x576.jpg\" class=\"attachment-medium_large size-medium_large\" alt=\"\" srcset=\"https:\/\/mariuszlemanski.pl\/wp-content\/uploads\/2026\/03\/FB_IMG_1624547689948-1024x768-1-768x576.jpg 768w, https:\/\/mariuszlemanski.pl\/wp-content\/uploads\/2026\/03\/FB_IMG_1624547689948-1024x768-1-300x225.jpg 300w, https:\/\/mariuszlemanski.pl\/wp-content\/uploads\/2026\/03\/FB_IMG_1624547689948-1024x768-1-880x660.jpg 880w, https:\/\/mariuszlemanski.pl\/wp-content\/uploads\/2026\/03\/FB_IMG_1624547689948-1024x768-1-606x455.jpg 606w, https:\/\/mariuszlemanski.pl\/wp-content\/uploads\/2026\/03\/FB_IMG_1624547689948-1024x768-1-730x547.jpg 730w, https:\/\/mariuszlemanski.pl\/wp-content\/uploads\/2026\/03\/FB_IMG_1624547689948-1024x768-1.jpg 1024w\" sizes=\"(max-width: 768px) 100vw, 768px\" \/><\/a>\n\t\t\t<\/div><\/figure><figure class='gallery-item'>\n\t\t\t<div class='gallery-icon landscape'>\n\t\t\t\t<a data-elementor-open-lightbox=\"yes\" data-elementor-lightbox-slideshow=\"a970d00\" data-elementor-lightbox-title=\"FB_IMG_1624547685267 [1024x768]\" data-e-action-hash=\"#elementor-action%3Aaction%3Dlightbox%26settings%3DeyJpZCI6MTE3LCJ1cmwiOiJodHRwczpcL1wvbWFyaXVzemxlbWFuc2tpLnBsXC93cC1jb250ZW50XC91cGxvYWRzXC8yMDI2XC8wM1wvRkJfSU1HXzE2MjQ1NDc2ODUyNjctMTAyNHg3NjgtMS5qcGciLCJzbGlkZXNob3ciOiJhOTcwZDAwIn0%3D\" href='https:\/\/mariuszlemanski.pl\/wp-content\/uploads\/2026\/03\/FB_IMG_1624547685267-1024x768-1.jpg'><img loading=\"lazy\" decoding=\"async\" width=\"768\" height=\"576\" src=\"https:\/\/mariuszlemanski.pl\/wp-content\/uploads\/2026\/03\/FB_IMG_1624547685267-1024x768-1-768x576.jpg\" class=\"attachment-medium_large size-medium_large\" alt=\"\" srcset=\"https:\/\/mariuszlemanski.pl\/wp-content\/uploads\/2026\/03\/FB_IMG_1624547685267-1024x768-1-768x576.jpg 768w, https:\/\/mariuszlemanski.pl\/wp-content\/uploads\/2026\/03\/FB_IMG_1624547685267-1024x768-1-300x225.jpg 300w, https:\/\/mariuszlemanski.pl\/wp-content\/uploads\/2026\/03\/FB_IMG_1624547685267-1024x768-1-880x660.jpg 880w, https:\/\/mariuszlemanski.pl\/wp-content\/uploads\/2026\/03\/FB_IMG_1624547685267-1024x768-1-606x455.jpg 606w, https:\/\/mariuszlemanski.pl\/wp-content\/uploads\/2026\/03\/FB_IMG_1624547685267-1024x768-1-730x547.jpg 730w, https:\/\/mariuszlemanski.pl\/wp-content\/uploads\/2026\/03\/FB_IMG_1624547685267-1024x768-1.jpg 1024w\" sizes=\"(max-width: 768px) 100vw, 768px\" \/><\/a>\n\t\t\t<\/div><\/figure>\n\t\t<\/div>\n\t\t<\/div>\n\t\t\t\t\t\t<\/div>\n\t\t\t\t\t<\/div>\n\t\t\t\t<\/div>\n\t\t\t\t<\/div>\n\t\t","protected":false},"excerpt":{"rendered":"<p>Skontaktuj si\u0119 \u017ceby otrzyma\u0107 informacj\u0119 o najbli\u017cszych terminach w tym roku!<\/p>\n","protected":false},"author":1,"featured_media":0,"parent":0,"menu_order":1,"comment_status":"closed","ping_status":"closed","template":"","meta":{"footnotes":""},"class_list":["post-109","page","type-page","status-publish","hentry"],"_links":{"self":[{"href":"https:\/\/mariuszlemanski.pl\/index.php?rest_route=\/wp\/v2\/pages\/109","targetHints":{"allow":["GET"]}}],"collection":[{"href":"https:\/\/mariuszlemanski.pl\/index.php?rest_route=\/wp\/v2\/pages"}],"about":[{"href":"https:\/\/mariuszlemanski.pl\/index.php?rest_route=\/wp\/v2\/types\/page"}],"author":[{"embeddable":true,"href":"https:\/\/mariuszlemanski.pl\/index.php?rest_route=\/wp\/v2\/users\/1"}],"replies":[{"embeddable":true,"href":"https:\/\/mariuszlemanski.pl\/index.php?rest_route=%2Fwp%2Fv2%2Fcomments&post=109"}],"version-history":[{"count":4,"href":"https:\/\/mariuszlemanski.pl\/index.php?rest_route=\/wp\/v2\/pages\/109\/revisions"}],"predecessor-version":[{"id":128,"href":"https:\/\/mariuszlemanski.pl\/index.php?rest_route=\/wp\/v2\/pages\/109\/revisions\/128"}],"wp:attachment":[{"href":"https:\/\/mariuszlemanski.pl\/index.php?rest_route=%2Fwp%2Fv2%2Fmedia&parent=109"}],"curies":[{"name":"wp","href":"https:\/\/api.w.org\/{rel}","templated":true}]}}